{"id":84,"date":"2015-07-06T11:58:01","date_gmt":"2015-07-06T11:58:01","guid":{"rendered":"http:\/\/www.dlv-grafik.dk\/?page_id=84"},"modified":"2018-09-24T14:05:21","modified_gmt":"2018-09-24T14:05:21","slug":"om-mig","status":"publish","type":"page","link":"http:\/\/www.dlv-grafik.dk\/?page_id=84","title":{"rendered":"Om mig"},"content":{"rendered":"<p><a href=\"http:\/\/www.dlv-grafik.dk\/wp-content\/uploads\/2015\/09\/Mitkontor.png\"><img loading=\"lazy\" class=\"alignnone size-full wp-image-585\" src=\"http:\/\/www.dlv-grafik.dk\/wp-content\/uploads\/2015\/09\/Mitkontor.png\" alt=\"Mitkontor\" width=\"1500\" height=\"1100\" srcset=\"http:\/\/www.dlv-grafik.dk\/wp-content\/uploads\/2015\/09\/Mitkontor.png 1500w, http:\/\/www.dlv-grafik.dk\/wp-content\/uploads\/2015\/09\/Mitkontor-300x220.png 300w, http:\/\/www.dlv-grafik.dk\/wp-content\/uploads\/2015\/09\/Mitkontor-1024x751.png 1024w, http:\/\/www.dlv-grafik.dk\/wp-content\/uploads\/2015\/09\/Mitkontor-220x161.png 220w\" sizes=\"(max-width: 1500px) 100vw, 1500px\" \/><\/a><\/p>\n<p>Mit navn er Daniel Leclercq Vrang. Jeg er 42 \u00e5r og uddannet grafiker og arbejder som Freelance DTP &#038; grafiker, og jeg har arbejdet i reklamebranchen i mere end 23 \u00e5r. Man kan sige, at jeg i en ung alder blev bidt af en gal Mac og har v\u00e6ret det lige siden! Derfor startede jeg p\u00e5 en grafisk uddannelse, hvilket tog 4 \u00e5r og inkluderede et udlands\u00adophold. Derefter var jeg 1 \u00e5r hos et repro firma, hvor jeg l\u00e6rte hvilke problemstillinger, der kan opst\u00e5 i en rentegning. Derefter fik jeg mulighed for at afpr\u00f8ve b\u00e5de mine tekniske og kreative kr\u00e6fter p\u00e5 forskellige reklamebureauer gennem de sidste 17 \u00e5r. Og nu er jeg startet som freelance DTP hvor jeg hj\u00e6lper reklamebureauer og virksomheder med grafiske opgaver. Jeg er st\u00e6rk i det typografiske, har et godt \u00f8je for grafisk design og er ovenik\u00f8bet kreativ, med en irriterende ordenssans.<\/p>\n<p>Jeg er en super perfektionist, som elsker at k\u00e6le for de fine detaljer og sm\u00e5 finesser. Det er meget vigtigt for mig at alt hvad der afleveres fra mit bord er 100% i orden. Med mine mange \u00e5rs erfaring i reklamebranchen, min tekniske erfaring og med min grafiske uddannelse vil jeg v\u00e6re en god grafisk sparrings\u00adpartner til alle slags opgaver, og ingen opgaver er for store eller sm\u00e5.<\/p>\n<p>L\u00e6s hele mit CV p\u00e5 <a href=\"https:\/\/www.linkedin.com\/profile\/view?id=17290683&amp;trk=hp-identity-name\" target=\"_blank\">LinkedIn<\/a><\/p>\n","protected":false},"excerpt":{"rendered":"<p>Mit navn er Daniel Leclercq Vrang. Jeg er 42 \u00e5r og uddannet grafiker og arbejder som Freelance DTP &#038; grafiker, og jeg har arbejdet i reklamebranchen i mere end 23 \u00e5r. Man kan sige, at jeg i en ung alder blev bidt af en gal Mac og har v\u00e6ret det lige siden! Derfor startede jeg [&hellip;]<\/p>\n","protected":false},"author":2,"featured_media":0,"parent":0,"menu_order":0,"comment_status":"closed","ping_status":"open","template":"","meta":[],"_links":{"self":[{"href":"http:\/\/www.dlv-grafik.dk\/index.php?rest_route=\/wp\/v2\/pages\/84"}],"collection":[{"href":"http:\/\/www.dlv-grafik.dk\/index.php?rest_route=\/wp\/v2\/pages"}],"about":[{"href":"http:\/\/www.dlv-grafik.dk\/index.php?rest_route=\/wp\/v2\/types\/page"}],"author":[{"embeddable":true,"href":"http:\/\/www.dlv-grafik.dk\/index.php?rest_route=\/wp\/v2\/users\/2"}],"replies":[{"embeddable":true,"href":"http:\/\/www.dlv-grafik.dk\/index.php?rest_route=%2Fwp%2Fv2%2Fcomments&post=84"}],"version-history":[{"count":20,"href":"http:\/\/www.dlv-grafik.dk\/index.php?rest_route=\/wp\/v2\/pages\/84\/revisions"}],"predecessor-version":[{"id":731,"href":"http:\/\/www.dlv-grafik.dk\/index.php?rest_route=\/wp\/v2\/pages\/84\/revisions\/731"}],"wp:attachment":[{"href":"http:\/\/www.dlv-grafik.dk\/index.php?rest_route=%2Fwp%2Fv2%2Fmedia&parent=84"}],"curies":[{"name":"wp","href":"https:\/\/api.w.org\/{rel}","templated":true}]}}